{"id":1810,"date":"2015-01-26T23:43:13","date_gmt":"2015-01-26T21:43:13","guid":{"rendered":"http:\/\/www.Knabstrupper.com\/?page_id=1810"},"modified":"2015-07-04T16:58:28","modified_gmt":"2015-07-04T14:58:28","slug":"zu-verkaufenfor-sale-talija-aus-der-schuetzenden-hand","status":"publish","type":"page","link":"http:\/\/knabstrupper.com\/?page_id=1810","title":{"rendered":"verkauft\/sold: Talija aus der sch\u00fctzenden Hand"},"content":{"rendered":"<p><a href=\"http:\/\/www.Knabstrupper.com\/wp-content\/uploads\/2015\/01\/IMG_0030-1.jpg\"><img loading=\"lazy\" decoding=\"async\" class=\"alignnone size-medium wp-image-1812\" src=\"http:\/\/www.Knabstrupper.com\/wp-content\/uploads\/2015\/01\/IMG_0030-1-300x200.jpg\" alt=\"IMG_0030-1\" width=\"300\" height=\"200\" data-id=\"1812\" srcset=\"http:\/\/knabstrupper.com\/wp-content\/uploads\/2015\/01\/IMG_0030-1-300x200.jpg 300w, http:\/\/knabstrupper.com\/wp-content\/uploads\/2015\/01\/IMG_0030-1-1024x682.jpg 1024w\" sizes=\"(max-width: 300px) 100vw, 300px\" \/><\/a> <a href=\"http:\/\/www.Knabstrupper.com\/wp-content\/uploads\/2015\/01\/IMG_0037-1.jpg\"><img loading=\"lazy\" decoding=\"async\" class=\"alignnone size-medium wp-image-1813\" src=\"http:\/\/www.Knabstrupper.com\/wp-content\/uploads\/2015\/01\/IMG_0037-1-300x200.jpg\" alt=\"IMG_0037-1\" width=\"300\" height=\"200\" data-id=\"1813\" srcset=\"http:\/\/knabstrupper.com\/wp-content\/uploads\/2015\/01\/IMG_0037-1-300x200.jpg 300w, http:\/\/knabstrupper.com\/wp-content\/uploads\/2015\/01\/IMG_0037-1-1024x682.jpg 1024w\" sizes=\"(max-width: 300px) 100vw, 300px\" \/><\/a><\/p>\n<p>&nbsp;<\/p>\n<p>Talija aus der sch\u00fctzenden Hand<\/p>\n<p>geb.: 03.05.2010<\/p>\n<p>Rappvolltigerschecke<\/p>\n<p>Vater: Talisman aus der sch\u00fctzenden Hand<\/p>\n<p>Mutter: Prestige aus der sch\u00fctzenden Hand<\/p>\n<p>MV.: Pergamon aus der sch\u00fctzenden Hand (Verbandspr\u00e4mien-\/Siegerhengst ZfdP)<\/p>\n<p>&nbsp;<\/p>\n<p>Schweren Herzens haben wir uns entschieden diese einzigartige Stute zu verkaufen. Sie geh\u00f6rt mit Abstand zu den reinsten und qualit\u00e4tsvollsten Knabstruppern.<\/p>\n","protected":false},"excerpt":{"rendered":"<p>&nbsp; Talija aus der sch\u00fctzenden Hand geb.: 03.05.2010 Rappvolltigerschecke Vater: Talisman aus der sch\u00fctzenden Hand Mutter: Prestige aus der sch\u00fctzenden Hand MV.: Pergamon aus der sch\u00fctzenden Hand (Verbandspr\u00e4mien-\/Siegerhengst ZfdP) &nbsp; Schweren Herzens haben wir uns entschieden diese einzigartige Stute zu verkaufen. Sie geh\u00f6rt mit Abstand zu den reinsten und qualit\u00e4tsvollsten Knabstruppern.<\/p>\n","protected":false},"author":2,"featured_media":1812,"parent":1528,"menu_order":0,"comment_status":"open","ping_status":"open","template":"","meta":{"ngg_post_thumbnail":0,"footnotes":""},"class_list":["post-1810","page","type-page","status-publish","has-post-thumbnail","hentry"],"_links":{"self":[{"href":"http:\/\/knabstrupper.com\/index.php?rest_route=\/wp\/v2\/pages\/1810"}],"collection":[{"href":"http:\/\/knabstrupper.com\/index.php?rest_route=\/wp\/v2\/pages"}],"about":[{"href":"http:\/\/knabstrupper.com\/index.php?rest_route=\/wp\/v2\/types\/page"}],"author":[{"embeddable":true,"href":"http:\/\/knabstrupper.com\/index.php?rest_route=\/wp\/v2\/users\/2"}],"replies":[{"embeddable":true,"href":"http:\/\/knabstrupper.com\/index.php?rest_route=%2Fwp%2Fv2%2Fcomments&post=1810"}],"version-history":[{"count":3,"href":"http:\/\/knabstrupper.com\/index.php?rest_route=\/wp\/v2\/pages\/1810\/revisions"}],"predecessor-version":[{"id":1873,"href":"http:\/\/knabstrupper.com\/index.php?rest_route=\/wp\/v2\/pages\/1810\/revisions\/1873"}],"up":[{"embeddable":true,"href":"http:\/\/knabstrupper.com\/index.php?rest_route=\/wp\/v2\/pages\/1528"}],"wp:featuredmedia":[{"embeddable":true,"href":"http:\/\/knabstrupper.com\/index.php?rest_route=\/wp\/v2\/media\/1812"}],"wp:attachment":[{"href":"http:\/\/knabstrupper.com\/index.php?rest_route=%2Fwp%2Fv2%2Fmedia&parent=1810"}],"curies":[{"name":"wp","href":"https:\/\/api.w.org\/{rel}","templated":true}]}}