{"id":2066,"date":"2016-07-29T19:32:17","date_gmt":"2016-07-29T17:32:17","guid":{"rendered":"http:\/\/www.Knabstrupper.com\/?page_id=2066"},"modified":"2016-08-09T23:04:54","modified_gmt":"2016-08-09T21:04:54","slug":"w-aus-der-schuetzenden-hand-2","status":"publish","type":"page","link":"http:\/\/knabstrupper.com\/?page_id=2066","title":{"rendered":"Washington aus der sch\u00fctzenden Hand"},"content":{"rendered":"<p><img loading=\"lazy\" decoding=\"async\" class=\"alignnone size-medium wp-image-2068\" src=\"http:\/\/www.Knabstrupper.com\/wp-content\/uploads\/2016\/07\/IMG_4569-1-300x200.jpg\" alt=\"IMG_4569-1\" width=\"300\" height=\"200\" data-id=\"2068\" srcset=\"http:\/\/knabstrupper.com\/wp-content\/uploads\/2016\/07\/IMG_4569-1-300x200.jpg 300w, http:\/\/knabstrupper.com\/wp-content\/uploads\/2016\/07\/IMG_4569-1-768x512.jpg 768w, http:\/\/knabstrupper.com\/wp-content\/uploads\/2016\/07\/IMG_4569-1-1024x683.jpg 1024w\" sizes=\"(max-width: 300px) 100vw, 300px\" \/> <img loading=\"lazy\" decoding=\"async\" class=\"alignnone size-medium wp-image-2069\" src=\"http:\/\/www.Knabstrupper.com\/wp-content\/uploads\/2016\/07\/IMG_4576-1-200x300.jpg\" alt=\"IMG_4576-1\" width=\"200\" height=\"300\" data-id=\"2069\" srcset=\"http:\/\/knabstrupper.com\/wp-content\/uploads\/2016\/07\/IMG_4576-1-200x300.jpg 200w, http:\/\/knabstrupper.com\/wp-content\/uploads\/2016\/07\/IMG_4576-1-768x1152.jpg 768w, http:\/\/knabstrupper.com\/wp-content\/uploads\/2016\/07\/IMG_4576-1-683x1024.jpg 683w, http:\/\/knabstrupper.com\/wp-content\/uploads\/2016\/07\/IMG_4576-1.jpg 1728w\" sizes=\"(max-width: 200px) 100vw, 200px\" \/> <img loading=\"lazy\" decoding=\"async\" class=\"alignnone size-medium wp-image-2070\" src=\"http:\/\/www.Knabstrupper.com\/wp-content\/uploads\/2016\/07\/IMG_4581-1-300x200.jpg\" alt=\"IMG_4581-1\" width=\"300\" height=\"200\" data-id=\"2070\" srcset=\"http:\/\/knabstrupper.com\/wp-content\/uploads\/2016\/07\/IMG_4581-1-300x200.jpg 300w, http:\/\/knabstrupper.com\/wp-content\/uploads\/2016\/07\/IMG_4581-1-768x512.jpg 768w, http:\/\/knabstrupper.com\/wp-content\/uploads\/2016\/07\/IMG_4581-1-1024x683.jpg 1024w\" sizes=\"(max-width: 300px) 100vw, 300px\" \/> <img loading=\"lazy\" decoding=\"async\" class=\"alignnone size-medium wp-image-2071\" src=\"http:\/\/www.Knabstrupper.com\/wp-content\/uploads\/2016\/07\/IMG_4564-1-300x200.jpg\" alt=\"IMG_4564-1\" width=\"300\" height=\"200\" data-id=\"2071\" srcset=\"http:\/\/knabstrupper.com\/wp-content\/uploads\/2016\/07\/IMG_4564-1-300x200.jpg 300w, http:\/\/knabstrupper.com\/wp-content\/uploads\/2016\/07\/IMG_4564-1-768x512.jpg 768w, http:\/\/knabstrupper.com\/wp-content\/uploads\/2016\/07\/IMG_4564-1-1024x683.jpg 1024w\" sizes=\"(max-width: 300px) 100vw, 300px\" \/><\/p>\n<p>Hengst<\/p>\n<p>geb.:16.04.2016<\/p>\n<p>Farbe: Brauntigerschecke<\/p>\n<p>Vater: William<\/p>\n<p>Mutter: Teutonia aus der sch\u00fctzenden Hand (Verbandspr\u00e4mienstute)<\/p>\n<p>MV.: Tiamo aus der sch\u00fctzenden Hand<\/p>\n<p>Dieses edle typvolle Fohlen besticht mit toller K\u00f6rperharmonie. Seine Bewegungen sind leichttittig mit viel Takt und Raumgriff.<\/p>\n<p>&nbsp;<\/p>\n<p>Washington aus der sch\u00fctzenden Hand hat die Fohlenpr\u00e4mie des ZfdP erhalten.<\/p>\n","protected":false},"excerpt":{"rendered":"<p>Hengst geb.:16.04.2016 Farbe: Brauntigerschecke Vater: William Mutter: Teutonia aus der sch\u00fctzenden Hand (Verbandspr\u00e4mienstute) MV.: Tiamo aus der sch\u00fctzenden Hand Dieses edle typvolle Fohlen besticht mit toller K\u00f6rperharmonie. Seine Bewegungen sind leichttittig mit viel Takt und Raumgriff. &nbsp; Washington aus der sch\u00fctzenden Hand hat die Fohlenpr\u00e4mie des ZfdP erhalten.<\/p>\n","protected":false},"author":2,"featured_media":2070,"parent":2014,"menu_order":0,"comment_status":"closed","ping_status":"closed","template":"","meta":{"ngg_post_thumbnail":0,"footnotes":""},"class_list":["post-2066","page","type-page","status-publish","has-post-thumbnail","hentry"],"_links":{"self":[{"href":"http:\/\/knabstrupper.com\/index.php?rest_route=\/wp\/v2\/pages\/2066"}],"collection":[{"href":"http:\/\/knabstrupper.com\/index.php?rest_route=\/wp\/v2\/pages"}],"about":[{"href":"http:\/\/knabstrupper.com\/index.php?rest_route=\/wp\/v2\/types\/page"}],"author":[{"embeddable":true,"href":"http:\/\/knabstrupper.com\/index.php?rest_route=\/wp\/v2\/users\/2"}],"replies":[{"embeddable":true,"href":"http:\/\/knabstrupper.com\/index.php?rest_route=%2Fwp%2Fv2%2Fcomments&post=2066"}],"version-history":[{"count":4,"href":"http:\/\/knabstrupper.com\/index.php?rest_route=\/wp\/v2\/pages\/2066\/revisions"}],"predecessor-version":[{"id":2095,"href":"http:\/\/knabstrupper.com\/index.php?rest_route=\/wp\/v2\/pages\/2066\/revisions\/2095"}],"up":[{"embeddable":true,"href":"http:\/\/knabstrupper.com\/index.php?rest_route=\/wp\/v2\/pages\/2014"}],"wp:featuredmedia":[{"embeddable":true,"href":"http:\/\/knabstrupper.com\/index.php?rest_route=\/wp\/v2\/media\/2070"}],"wp:attachment":[{"href":"http:\/\/knabstrupper.com\/index.php?rest_route=%2Fwp%2Fv2%2Fmedia&parent=2066"}],"curies":[{"name":"wp","href":"https:\/\/api.w.org\/{rel}","templated":true}]}}