{"id":2116,"date":"2017-01-22T20:52:05","date_gmt":"2017-01-22T18:52:05","guid":{"rendered":"http:\/\/www.Knabstrupper.com\/?page_id=2116"},"modified":"2017-01-25T21:15:16","modified_gmt":"2017-01-25T19:15:16","slug":"walking-sunshine-aus-der-schuetzenden-hand","status":"publish","type":"page","link":"http:\/\/knabstrupper.com\/?page_id=2116","title":{"rendered":"Walking Sunshine aus der sch\u00fctzenden Hand"},"content":{"rendered":"<p><img loading=\"lazy\" decoding=\"async\" class=\"alignnone size-medium wp-image-2123\" src=\"http:\/\/www.Knabstrupper.com\/wp-content\/uploads\/2017\/01\/IMG_0617-2-300x200.jpg\" alt=\"IMG_0617-2\" width=\"300\" height=\"200\" data-id=\"2123\" srcset=\"http:\/\/knabstrupper.com\/wp-content\/uploads\/2017\/01\/IMG_0617-2-300x200.jpg 300w, http:\/\/knabstrupper.com\/wp-content\/uploads\/2017\/01\/IMG_0617-2-768x512.jpg 768w, http:\/\/knabstrupper.com\/wp-content\/uploads\/2017\/01\/IMG_0617-2-1024x683.jpg 1024w\" sizes=\"(max-width: 300px) 100vw, 300px\" \/> <img loading=\"lazy\" decoding=\"async\" class=\"alignnone size-medium wp-image-2124\" src=\"http:\/\/www.Knabstrupper.com\/wp-content\/uploads\/2017\/01\/IMG_0620-2-300x200.jpg\" alt=\"IMG_0620-2\" width=\"300\" height=\"200\" data-id=\"2124\" srcset=\"http:\/\/knabstrupper.com\/wp-content\/uploads\/2017\/01\/IMG_0620-2-300x200.jpg 300w, http:\/\/knabstrupper.com\/wp-content\/uploads\/2017\/01\/IMG_0620-2-768x512.jpg 768w, http:\/\/knabstrupper.com\/wp-content\/uploads\/2017\/01\/IMG_0620-2-1024x683.jpg 1024w\" sizes=\"(max-width: 300px) 100vw, 300px\" \/><img loading=\"lazy\" decoding=\"async\" class=\"alignnone size-medium wp-image-2122\" src=\"http:\/\/www.Knabstrupper.com\/wp-content\/uploads\/2017\/01\/IMG_0599-2-300x300.jpg\" alt=\"IMG_0599-2\" width=\"300\" height=\"300\" data-id=\"2122\" srcset=\"http:\/\/knabstrupper.com\/wp-content\/uploads\/2017\/01\/IMG_0599-2-300x300.jpg 300w, http:\/\/knabstrupper.com\/wp-content\/uploads\/2017\/01\/IMG_0599-2-150x150.jpg 150w, http:\/\/knabstrupper.com\/wp-content\/uploads\/2017\/01\/IMG_0599-2-768x768.jpg 768w, http:\/\/knabstrupper.com\/wp-content\/uploads\/2017\/01\/IMG_0599-2-1024x1024.jpg 1024w, http:\/\/knabstrupper.com\/wp-content\/uploads\/2017\/01\/IMG_0599-2.jpg 1728w\" sizes=\"(max-width: 300px) 100vw, 300px\" \/><\/p>\n<p>Stute<\/p>\n<p>wei\u00dfgeboren<\/p>\n<p>geb.: 28.04.2014<\/p>\n<p>Vater: William<\/p>\n<p>Mutter: Olympia aus der sch\u00fctzenden Hand<\/p>\n<p>MV.: Olymp aus der sch\u00fctzenden Hand<\/p>\n<p>Viel Bewegung mit Takt und Schwung<\/p>\n<p>Walking Sunshine hat die F\u00fcllenpr\u00e4mie erhalten<\/p>\n","protected":false},"excerpt":{"rendered":"<p>Stute wei\u00dfgeboren geb.: 28.04.2014 Vater: William Mutter: Olympia aus der sch\u00fctzenden Hand MV.: Olymp aus der sch\u00fctzenden Hand Viel Bewegung mit Takt und Schwung Walking Sunshine hat die F\u00fcllenpr\u00e4mie erhalten<\/p>\n","protected":false},"author":2,"featured_media":0,"parent":1573,"menu_order":0,"comment_status":"closed","ping_status":"closed","template":"","meta":{"ngg_post_thumbnail":0,"footnotes":""},"class_list":["post-2116","page","type-page","status-publish","hentry"],"_links":{"self":[{"href":"http:\/\/knabstrupper.com\/index.php?rest_route=\/wp\/v2\/pages\/2116"}],"collection":[{"href":"http:\/\/knabstrupper.com\/index.php?rest_route=\/wp\/v2\/pages"}],"about":[{"href":"http:\/\/knabstrupper.com\/index.php?rest_route=\/wp\/v2\/types\/page"}],"author":[{"embeddable":true,"href":"http:\/\/knabstrupper.com\/index.php?rest_route=\/wp\/v2\/users\/2"}],"replies":[{"embeddable":true,"href":"http:\/\/knabstrupper.com\/index.php?rest_route=%2Fwp%2Fv2%2Fcomments&post=2116"}],"version-history":[{"count":3,"href":"http:\/\/knabstrupper.com\/index.php?rest_route=\/wp\/v2\/pages\/2116\/revisions"}],"predecessor-version":[{"id":2125,"href":"http:\/\/knabstrupper.com\/index.php?rest_route=\/wp\/v2\/pages\/2116\/revisions\/2125"}],"up":[{"embeddable":true,"href":"http:\/\/knabstrupper.com\/index.php?rest_route=\/wp\/v2\/pages\/1573"}],"wp:attachment":[{"href":"http:\/\/knabstrupper.com\/index.php?rest_route=%2Fwp%2Fv2%2Fmedia&parent=2116"}],"curies":[{"name":"wp","href":"https:\/\/api.w.org\/{rel}","templated":true}]}}