{"id":2232,"date":"2017-02-06T23:18:04","date_gmt":"2017-02-06T21:18:04","guid":{"rendered":"http:\/\/www.Knabstrupper.com\/?page_id=2232"},"modified":"2017-02-06T23:18:04","modified_gmt":"2017-02-06T21:18:04","slug":"tintoretto-aus-der-schuetzenden-hand","status":"publish","type":"page","link":"http:\/\/knabstrupper.com\/?page_id=2232","title":{"rendered":"Tintoretto aus der sch\u00fctzenden Hand"},"content":{"rendered":"<p><img loading=\"lazy\" decoding=\"async\" class=\"alignnone size-medium wp-image-2233\" src=\"http:\/\/www.Knabstrupper.com\/wp-content\/uploads\/2017\/02\/IMG_0719-1-300x200.jpg\" alt=\"IMG_0719-1\" width=\"300\" height=\"200\" data-id=\"2233\" srcset=\"http:\/\/knabstrupper.com\/wp-content\/uploads\/2017\/02\/IMG_0719-1-300x200.jpg 300w, http:\/\/knabstrupper.com\/wp-content\/uploads\/2017\/02\/IMG_0719-1-768x512.jpg 768w, http:\/\/knabstrupper.com\/wp-content\/uploads\/2017\/02\/IMG_0719-1-1024x683.jpg 1024w\" sizes=\"(max-width: 300px) 100vw, 300px\" \/> <img loading=\"lazy\" decoding=\"async\" class=\"alignnone size-medium wp-image-2234\" src=\"http:\/\/www.Knabstrupper.com\/wp-content\/uploads\/2017\/02\/IMG_0720-1-300x200.jpg\" alt=\"IMG_0720-1\" width=\"300\" height=\"200\" data-id=\"2234\" srcset=\"http:\/\/knabstrupper.com\/wp-content\/uploads\/2017\/02\/IMG_0720-1-300x200.jpg 300w, http:\/\/knabstrupper.com\/wp-content\/uploads\/2017\/02\/IMG_0720-1-768x512.jpg 768w, http:\/\/knabstrupper.com\/wp-content\/uploads\/2017\/02\/IMG_0720-1-1024x683.jpg 1024w\" sizes=\"(max-width: 300px) 100vw, 300px\" \/> <img loading=\"lazy\" decoding=\"async\" class=\"alignnone size-medium wp-image-2235\" src=\"http:\/\/www.Knabstrupper.com\/wp-content\/uploads\/2017\/02\/IMG_0729-1-300x200.jpg\" alt=\"IMG_0729-1\" width=\"300\" height=\"200\" data-id=\"2235\" srcset=\"http:\/\/knabstrupper.com\/wp-content\/uploads\/2017\/02\/IMG_0729-1-300x200.jpg 300w, http:\/\/knabstrupper.com\/wp-content\/uploads\/2017\/02\/IMG_0729-1-768x512.jpg 768w, http:\/\/knabstrupper.com\/wp-content\/uploads\/2017\/02\/IMG_0729-1-1024x683.jpg 1024w\" sizes=\"(max-width: 300px) 100vw, 300px\" \/> <img loading=\"lazy\" decoding=\"async\" class=\"alignnone size-medium wp-image-2236\" src=\"http:\/\/www.Knabstrupper.com\/wp-content\/uploads\/2017\/02\/IMG_0731-1-300x200.jpg\" alt=\"IMG_0731-1\" width=\"300\" height=\"200\" data-id=\"2236\" srcset=\"http:\/\/knabstrupper.com\/wp-content\/uploads\/2017\/02\/IMG_0731-1-300x200.jpg 300w, http:\/\/knabstrupper.com\/wp-content\/uploads\/2017\/02\/IMG_0731-1-768x512.jpg 768w, http:\/\/knabstrupper.com\/wp-content\/uploads\/2017\/02\/IMG_0731-1-1024x683.jpg 1024w\" sizes=\"(max-width: 300px) 100vw, 300px\" \/> <img loading=\"lazy\" decoding=\"async\" class=\"alignnone size-medium wp-image-2237\" src=\"http:\/\/www.Knabstrupper.com\/wp-content\/uploads\/2017\/02\/IMG_0732-1-300x200.jpg\" alt=\"IMG_0732-1\" width=\"300\" height=\"200\" data-id=\"2237\" srcset=\"http:\/\/knabstrupper.com\/wp-content\/uploads\/2017\/02\/IMG_0732-1-300x200.jpg 300w, http:\/\/knabstrupper.com\/wp-content\/uploads\/2017\/02\/IMG_0732-1-768x512.jpg 768w, http:\/\/knabstrupper.com\/wp-content\/uploads\/2017\/02\/IMG_0732-1-1024x683.jpg 1024w\" sizes=\"(max-width: 300px) 100vw, 300px\" \/> <img loading=\"lazy\" decoding=\"async\" class=\"alignnone size-medium wp-image-2238\" src=\"http:\/\/www.Knabstrupper.com\/wp-content\/uploads\/2017\/02\/IMG_0733-1-300x200.jpg\" alt=\"IMG_0733-1\" width=\"300\" height=\"200\" data-id=\"2238\" srcset=\"http:\/\/knabstrupper.com\/wp-content\/uploads\/2017\/02\/IMG_0733-1-300x200.jpg 300w, http:\/\/knabstrupper.com\/wp-content\/uploads\/2017\/02\/IMG_0733-1-768x512.jpg 768w, http:\/\/knabstrupper.com\/wp-content\/uploads\/2017\/02\/IMG_0733-1-1024x683.jpg 1024w\" sizes=\"(max-width: 300px) 100vw, 300px\" \/><\/p>\n<p>Hengst<\/p>\n<p>Farbe: Rapptigerschecke<\/p>\n<p>geb.: 23.03.2014<\/p>\n<p>Vater: Tiamo aus der sch\u00fctzenden Hand<\/p>\n<p>Mutter: Bjutti aus der sch\u00fctzenden Hand (Verbandspr\u00e4mienstute ZfdP)<\/p>\n<p>MV.: Baron aus der sch\u00fctzenden Hand<\/p>\n<p>&nbsp;<\/p>\n<p>Tintoretto hat viel Rassetyp, harmonisch mit gutem Rahnen. Bewegung mit Takt.<\/p>\n<p>&nbsp;<\/p>\n<p>Tintoretto hat die F\u00fcllenpr\u00e4mie des ZfdP erhalten.<\/p>\n","protected":false},"excerpt":{"rendered":"<p>Hengst Farbe: Rapptigerschecke geb.: 23.03.2014 Vater: Tiamo aus der sch\u00fctzenden Hand Mutter: Bjutti aus der sch\u00fctzenden Hand (Verbandspr\u00e4mienstute ZfdP) MV.: Baron aus der sch\u00fctzenden Hand &nbsp; Tintoretto hat viel Rassetyp, harmonisch mit gutem Rahnen. Bewegung mit Takt. &nbsp; Tintoretto hat die F\u00fcllenpr\u00e4mie des ZfdP erhalten.<\/p>\n","protected":false},"author":2,"featured_media":0,"parent":1573,"menu_order":0,"comment_status":"closed","ping_status":"closed","template":"","meta":{"ngg_post_thumbnail":0,"footnotes":""},"class_list":["post-2232","page","type-page","status-publish","hentry"],"_links":{"self":[{"href":"http:\/\/knabstrupper.com\/index.php?rest_route=\/wp\/v2\/pages\/2232"}],"collection":[{"href":"http:\/\/knabstrupper.com\/index.php?rest_route=\/wp\/v2\/pages"}],"about":[{"href":"http:\/\/knabstrupper.com\/index.php?rest_route=\/wp\/v2\/types\/page"}],"author":[{"embeddable":true,"href":"http:\/\/knabstrupper.com\/index.php?rest_route=\/wp\/v2\/users\/2"}],"replies":[{"embeddable":true,"href":"http:\/\/knabstrupper.com\/index.php?rest_route=%2Fwp%2Fv2%2Fcomments&post=2232"}],"version-history":[{"count":1,"href":"http:\/\/knabstrupper.com\/index.php?rest_route=\/wp\/v2\/pages\/2232\/revisions"}],"predecessor-version":[{"id":2239,"href":"http:\/\/knabstrupper.com\/index.php?rest_route=\/wp\/v2\/pages\/2232\/revisions\/2239"}],"up":[{"embeddable":true,"href":"http:\/\/knabstrupper.com\/index.php?rest_route=\/wp\/v2\/pages\/1573"}],"wp:attachment":[{"href":"http:\/\/knabstrupper.com\/index.php?rest_route=%2Fwp%2Fv2%2Fmedia&parent=2232"}],"curies":[{"name":"wp","href":"https:\/\/api.w.org\/{rel}","templated":true}]}}