{"id":786,"date":"2013-05-19T22:32:17","date_gmt":"2013-05-19T20:32:17","guid":{"rendered":"http:\/\/archiv.hackmann.de\/KnabstrupperMetro\/?page_id=786"},"modified":"2013-05-20T16:10:11","modified_gmt":"2013-05-20T14:10:11","slug":"nachzucht-2003","status":"publish","type":"page","link":"http:\/\/knabstrupper.com\/?page_id=786","title":{"rendered":"Nachzucht 2003"},"content":{"rendered":"<div>\n<h1>N.N. aus der sch\u00fctzenden Hand<\/h1>\n<\/div>\n<p><!--  Header: [end] --><!--  Text: [begin] -->Stutfohlen<br \/>\nVater: Talisman aus der sch\u00fctzenden Hand<br \/>\nMutter: Kaja af Mesballe<br \/>\nMV.: Niro af Thorsager<br \/>\ngeb. 24.02.2003<br \/>\nFarbe: Rappschabracktiger<\/p>\n<p><!--  Header: [begin] --><\/p>\n<div>\n<h1>Olymp aus der sch\u00fctzenden Hand<\/h1>\n<p>Hengstfohlen<br \/>\nVater: Omega aus der sch\u00fctzenden Hand<br \/>\nMutter: Thora aus der sch\u00fctzenden Hand<br \/>\nMV.: Thor af Rottarp<br \/>\ngeb.: 28.03.2003<br \/>\nFarbe: Brauntigerschecke<\/p>\n<p>&nbsp;<\/p>\n<\/div>\n<p><!--  Header: [begin] --><\/p>\n<div>\n<h1>N.N. aus der sch\u00fctzenden Hand<\/h1>\n<p>Hengstfohlen<br \/>\nVater: Talisman aus der sch\u00fctzenden Hand<br \/>\nMutter: Starlett aus der sch\u00fctzenden Hand<br \/>\nMV.: Deutscher Sterneprinz<br \/>\ngeb.: 08.04.2003<br \/>\nFarbe: Braun mit Stern und Schnippe<br \/>\nF\u00fcllenpr\u00e4mie!<\/p>\n<p>&nbsp;<\/p>\n<p>&nbsp;<\/p>\n<\/div>\n<p><!--  Header: [begin] --><\/p>\n<div>\n<h1>N.N. aus der sch\u00fctzenden Hand<\/h1>\n<p>Stutfohlen<br \/>\nVater: Talisman aus der sch\u00fctzenden Hand<br \/>\nMutter: Wendeline<br \/>\nMV.: Oskar 34<br \/>\ngeb.: 21.04.2003<br \/>\nFarbe: Wei\u00dfgeboren mit Melierungen<\/p>\n<p>&nbsp;<\/p>\n<\/div>\n<p><!--  Header: [begin] --><\/p>\n<div>\n<h1>Babette aus der sch\u00fctzenden Hand<\/h1>\n<\/div>\n<p><!--  Header: [end] --><!--  Text: [begin] -->Stutfohlen<br \/>\nVater: Baron aus der sch\u00fctzenden Hand<br \/>\nMutter: Palousa Chicana<br \/>\nMV.: Sonny af Hojmark<br \/>\ngeb.: 21.04.2003<br \/>\nFarbe: Fuchstigerschecke<br \/>\nF\u00fcllenpr\u00e4mie!<\/p>\n<p><!--  Text: [end] --><!--  CONTENT ELEMENT, uid:225\/text [end] --><!--  CONTENT ELEMENT, uid:220\/textpic [begin] --><br \/>\n&nbsp;<\/p>\n<p><!--  Header: [begin] --><\/p>\n<div>\n<h1>N.N. aus der sch\u00fctzenden Hand<\/h1>\n<\/div>\n<p><!--  Header: [end] --><!--  Image block: [begin] --><!--  Text: [begin] -->Hengstfohlen<br \/>\nVater: Olymp aus der sch\u00fctzenden Hand<br \/>\nMutter: Naja aus der sch\u00fctzenden Hand<br \/>\nMV.: Benjamin<br \/>\ngeb.: 04.05.2003<br \/>\nFarbe: Wei\u00dfgeboren mit Schattenzeichnung<\/p>\n<p><!--  Text: [end] --><!--  Image block: [end] --><!--  CONTENT ELEMENT, uid:220\/textpic [end] --><!--  CONTENT ELEMENT, uid:224\/text [begin] --><br \/>\n&nbsp;<\/p>\n<p><!--  Header: [begin] --><\/p>\n<div>\n<h1>N.N. aus der sch\u00fctzenden Hand<\/h1>\n<\/div>\n<p><!--  Header: [end] --><!--  Text: [begin] -->Hengstfohlen<br \/>\nVater: Verbandspr\u00e4mienhengst Pergamon aus der sch\u00fctzenden Hand<br \/>\nMutter: Jubi aus der sch\u00fctzenden Hand<br \/>\nMV.: Benjamin<br \/>\nFarbe: Braun ohne Abzeichen<br \/>\ngeb.:16.05.2003<br \/>\nF\u00fcllenpr\u00e4mie!<\/p>\n<p>&nbsp;<\/p>\n<p><!--  Header: [begin] --><\/p>\n<div>\n<h1>N.N. aus der sch\u00fctzenden Hand<\/h1>\n<\/div>\n<p><!--  Header: [end] --><!--  Image block: [begin] --><!--  Text: [begin] -->Stutfohlen<br \/>\nVater: Talisman aus der sch\u00fctzenden Hand<br \/>\nMutter: Berberis aus der sch\u00fctzenden Hand<br \/>\nMV.: Baron aus der sch\u00fctzenden Hand<br \/>\ngeb.: 22.05.2003<br \/>\nFarbe: Wei\u00dfgeboren mit Melierungen<br \/>\nF\u00fcllenpr\u00e4mie!<\/p>\n<p>&nbsp;<\/p>\n<p><!--  Header: [begin] --><\/p>\n<div>\n<h1>N.N. aus der sch\u00fctzenden Hand<\/h1>\n<\/div>\n<p><!--  Header: [end] --><!--  Image block: [begin] --><!--  Text: [begin] -->Hengstfohlen<br \/>\nVater: Verbandspr\u00e4mienhengst Pergamon aus der sch\u00fctzenden Hand<br \/>\nMutter: Mille aus der sch\u00fctzenden Hand<br \/>\nMV.: Benjamin<br \/>\ngeb.: 26.05.2003<br \/>\nFarbe: Braun mit Stern<br \/>\nF\u00fcllenpr\u00e4mie!<\/p>\n<p>&nbsp;<\/p>\n<p><!--  Header: [begin] --><\/p>\n<div>\n<h1>N.N. aus der sch\u00fctzenden Hand<\/h1>\n<\/div>\n<p><!--  Header: [end] --><!--  Image block: [begin] --><!--  Text: [begin] -->Stutfohlen<br \/>\nVater: Talisman aus der sch\u00fctzenden Hand<br \/>\nMutter: Bachia aus der sch\u00fctzenden Hand<br \/>\nMV.: Baron aus der sch\u00fctzenden Hand<br \/>\ngeb.: 08.06.2003<br \/>\nFarbe: Rappschabracktigerschecke<br \/>\nF\u00fcllenpr\u00e4mie<\/p>\n<p>&nbsp;<\/p>\n<p><!--  Header: [begin] --><\/p>\n<div>\n<h1>N.N. aus der sch\u00fctzenden Hand<\/h1>\n<\/div>\n<p><!--  Header: [end] --><!--  Image block: [begin] --><!--  Text: [begin] -->Stutfohlen<br \/>\nVater: Talisman aus der sch\u00fctzenden Hand<br \/>\nMutter: Primadonna aus der sch\u00fctzenden Hand<br \/>\nMV.: Deutscher Sterneprinz<br \/>\ngeb.: 07.07.2003<br \/>\nFarbe: Braun<br \/>\nF\u00fcllenpr\u00e4mie!<\/p>\n<p>&nbsp;<\/p>\n<p><!--  Header: [begin] --><\/p>\n<div>\n<h1>N.N. aus der sch\u00fctzenden Hand<\/h1>\n<\/div>\n<p><!--  Header: [end] --><!--  Image block: [begin] --><!--  Text: [begin] -->Hengstfohlen<br \/>\nVater: Talisman aus der sch\u00fctzenden Hand<br \/>\nMutter: Olivia aus der sch\u00fctzenden Hand<br \/>\nMV.: Oberst af Mesballe<br \/>\ngeb.: 31.07.2003<br \/>\nFarbe: Rappschabracktiger<\/p>\n","protected":false},"excerpt":{"rendered":"<p>N.N. aus der sch\u00fctzenden Hand Stutfohlen Vater: Talisman aus der sch\u00fctzenden Hand Mutter: Kaja af Mesballe MV.: Niro af Thorsager geb. 24.02.2003 Farbe: Rappschabracktiger Olymp aus der sch\u00fctzenden Hand Hengstfohlen Vater: Omega aus der sch\u00fctzenden Hand Mutter: Thora aus der sch\u00fctzenden Hand MV.: Thor af Rottarp geb.: 28.03.2003 Farbe: Brauntigerschecke &nbsp; N.N. aus der sch\u00fctzenden [&hellip;]<\/p>\n","protected":false},"author":1,"featured_media":0,"parent":689,"menu_order":0,"comment_status":"open","ping_status":"closed","template":"","meta":{"ngg_post_thumbnail":0,"footnotes":""},"class_list":["post-786","page","type-page","status-publish","hentry"],"_links":{"self":[{"href":"http:\/\/knabstrupper.com\/index.php?rest_route=\/wp\/v2\/pages\/786"}],"collection":[{"href":"http:\/\/knabstrupper.com\/index.php?rest_route=\/wp\/v2\/pages"}],"about":[{"href":"http:\/\/knabstrupper.com\/index.php?rest_route=\/wp\/v2\/types\/page"}],"author":[{"embeddable":true,"href":"http:\/\/knabstrupper.com\/index.php?rest_route=\/wp\/v2\/users\/1"}],"replies":[{"embeddable":true,"href":"http:\/\/knabstrupper.com\/index.php?rest_route=%2Fwp%2Fv2%2Fcomments&post=786"}],"version-history":[{"count":3,"href":"http:\/\/knabstrupper.com\/index.php?rest_route=\/wp\/v2\/pages\/786\/revisions"}],"predecessor-version":[{"id":789,"href":"http:\/\/knabstrupper.com\/index.php?rest_route=\/wp\/v2\/pages\/786\/revisions\/789"}],"up":[{"embeddable":true,"href":"http:\/\/knabstrupper.com\/index.php?rest_route=\/wp\/v2\/pages\/689"}],"wp:attachment":[{"href":"http:\/\/knabstrupper.com\/index.php?rest_route=%2Fwp%2Fv2%2Fmedia&parent=786"}],"curies":[{"name":"wp","href":"https:\/\/api.w.org\/{rel}","templated":true}]}}